{"id":1090,"date":"2023-05-17T23:14:39","date_gmt":"2023-05-17T23:14:39","guid":{"rendered":"https:\/\/windbotix.com\/politique-de-confidentialite\/"},"modified":"2025-11-24T08:25:46","modified_gmt":"2025-11-24T08:25:46","slug":"politique-confidentialite","status":"publish","type":"page","link":"https:\/\/windbotix.com\/fr\/politique-confidentialite\/","title":{"rendered":"Politique de confidentialit\u00e9"},"content":{"rendered":"\n<p>Au moyen de la pr\u00e9sente politique de confidentialit\u00e9, l&rsquo;utilisateur est inform\u00e9 de mani\u00e8re claire, pr\u00e9cise et concise. Si l&rsquo;utilisateur l&rsquo;accepte, il donnera son consentement de mani\u00e8re libre, \u00e9clair\u00e9e, sp\u00e9cifique et sans \u00e9quivoque pour qu&rsquo;ANSI traite ses donn\u00e9es personnelles, conform\u00e9ment au r\u00e8glement g\u00e9n\u00e9ral sur la protection des donn\u00e9es de l&rsquo;Union europ\u00e9enne (ci-apr\u00e8s \u00ab RGPD \u00bb).<\/p>\n\n\n\n<p><strong>1.- QUI EST RESPONSABLE DU TRAITEMENT DES DONN\u00c9ES DE L&rsquo;UTILISATEUR ?<\/strong><\/p>\n\n\n\n<ul class=\"wp-block-list\">\n<li>Propri\u00e9taire : An\u00e1lisis y Soluciones de Ingenieria , S.L. (ci-apr\u00e8s \u00ab ANSI \u00bb)<\/li>\n\n\n\n<li>NUM\u00c9RO D&rsquo;IDENTIFICATION FISCALE : B-36525772<\/li>\n\n\n\n<li>Adresse : R\u00faa Alfredo Garc\u00eda Alen 4, bajo. 36002 Pontevedra<\/li>\n\n\n\n<li>Adresse e-mail : info@ansisl.com<\/li>\n\n\n\n<li>Registre du commerce : ANSI est inscrite au registre du commerce de Pontevedra : Livre 3208 &#8211; Folio 150 &#8211; Page PO &#8211; 40336<\/li>\n<\/ul>\n\n\n\n<p><strong>2.- QUELLES INFORMATIONS COLLECTONS-NOUS ET TRAITONS-NOUS AUPR\u00c8S DE L&rsquo;UTILISATEUR ?<\/strong><\/p>\n\n\n\n<p>ANSI traitera les donn\u00e9es personnelles suivantes de l&rsquo;utilisateur :<\/p>\n\n\n\n<ul class=\"wp-block-list\">\n<li>Donn\u00e9es d&rsquo;identification : nom et pr\u00e9nom, num\u00e9ro de carte d&rsquo;identit\u00e9.<\/li>\n\n\n\n<li>Coordonn\u00e9es : num\u00e9ro de t\u00e9l\u00e9phone, adresse e-mail et adresse postale.<\/li>\n\n\n\n<li>Autres donn\u00e9es : version et langue du navigateur, version du syst\u00e8me d&rsquo;exploitation, adresse IP, interface utilisateur.<\/li>\n<\/ul>\n\n\n\n<p>Dans le cas o\u00f9 l&rsquo;utilisateur nous fournit des donn\u00e9es de tiers, l&rsquo;utilisateur assume la responsabilit\u00e9 de les avoir pr\u00e9alablement inform\u00e9s et d&rsquo;avoir obtenu leur consentement pour le faire, conform\u00e9ment \u00e0 l&rsquo;article 14 du RGPD.<\/p>\n\n\n\n<p><strong>3.- \u00c0 QUELLES FINS TRAITONS-NOUS LES DONN\u00c9ES PERSONNELLES DE L&rsquo;UTILISATEUR ?<\/strong><\/p>\n\n\n\n<p>ANSI traite les donn\u00e9es personnelles aux fins indiqu\u00e9es ci-dessous, en fonction de la raison pour laquelle elles ont \u00e9t\u00e9 fournies :<\/p>\n\n\n\n<p>  1.Pour assurer la prestation des services souscrits, le maintien de la relation contractuelle et le suivi de celle-ci.<\/p>\n\n\n\n<p>  2.Contacter, traiter, g\u00e9rer et r\u00e9pondre \u00e0 la demande, la sollicitation, l&rsquo;incident ou la question de l&rsquo;utilisateur (par e-mail, formulaire de contact ou t\u00e9l\u00e9phone).<\/p>\n\n\n\n<p>  3.G\u00e9rer, si n\u00e9cessaire, la participation de l&rsquo;utilisateur \u00e0 l&rsquo;espace priv\u00e9 du client.<\/p>\n\n\n\n<p>\u00c9valuer et g\u00e9rer, le cas \u00e9ch\u00e9ant, le curriculum vitae fourni par l&rsquo;utilisateur pour les processus de s\u00e9lection correspondant \u00e0 son profil professionnel et mener \u00e0 bien les actions n\u00e9cessaires \u00e0 la s\u00e9lection et au recrutement du personnel.<\/p>\n\n\n\n<p><strong>4.- QUELLE EST LA L\u00c9GITIMIT\u00c9 DU TRAITEMENT DES DONN\u00c9ES DE L&rsquo;UTILISATEUR ?<\/strong><\/p>\n\n\n\n<ul class=\"wp-block-list\">\n<li>La base juridique du traitement de vos donn\u00e9es personnelles aux fins a), b) et c) ci-dessous est la prestation du service correspondant, et il s&rsquo;agit d&rsquo;une obligation imp\u00e9rative.<\/li>\n\n\n\n<li>La base juridique du traitement des donn\u00e9es personnelles \u00e0 la fin d) est le consentement express\u00e9ment donn\u00e9 par l&rsquo;utilisateur.<\/li>\n<\/ul>\n\n\n\n<p><strong>5.- COMBIEN DE TEMPS L&rsquo;ANSI TRAITERA-T-ELLE LES DONN\u00c9ES PERSONNELLES DE L&rsquo;UTILISATEUR ?<\/strong><\/p>\n\n\n\n<ul class=\"wp-block-list\">\n<li>Les donn\u00e9es relatives \u00e0 la gestion de la relation avec le client, \u00e0 la facturation et au recouvrement des services seront conserv\u00e9es pendant toute la dur\u00e9e du contrat. Une fois cette relation termin\u00e9e, le cas \u00e9ch\u00e9ant, les donn\u00e9es pourront \u00eatre conserv\u00e9es pendant la dur\u00e9e requise par la l\u00e9gislation applicable et jusqu&rsquo;\u00e0 l&rsquo;expiration de toute responsabilit\u00e9 d\u00e9coulant du contrat.<\/li>\n\n\n\n<li>Les donn\u00e9es relatives \u00e0 la gestion des demandes et des requ\u00eates seront conserv\u00e9es pendant le temps n\u00e9cessaire pour y r\u00e9pondre, avec une dur\u00e9e maximale d&rsquo;un an.<\/li>\n\n\n\n<li>Les donn\u00e9es des CV pour les processus de s\u00e9lection seront conserv\u00e9es pendant deux ans.<\/li>\n<\/ul>\n\n\n\n<p><strong>6.- \u00c0 QUELS DESTINATAIRES LES DONN\u00c9ES PERSONNELLES DE L&rsquo;UTILISATEUR SERONT-ELLES COMMUNIQU\u00c9ES ?<\/strong><\/p>\n\n\n\n<ul class=\"wp-block-list\">\n<li>Les donn\u00e9es personnelles de l&rsquo;utilisateur peuvent \u00eatre communiqu\u00e9es aux \u00e9tablissements financiers par l&rsquo;interm\u00e9diaire desquels s&rsquo;effectuent la collecte et la gestion des paiements.<\/li>\n\n\n\n<li>Elles peuvent \u00e9galement \u00eatre communiqu\u00e9es aux administrations publiques comp\u00e9tentes dans les cas pr\u00e9vus par la loi.<\/li>\n<\/ul>\n\n\n\n<p><strong>7.- QUELS SONT LES DROITS DE L&rsquo;UTILISATEUR ?<\/strong><\/p>\n\n\n\n<p>Tout utilisateur qui fournit des donn\u00e9es personnelles \u00e0 l&rsquo;ANSI peut exercer les droits suivants :<\/p>\n\n\n\n<ul class=\"wp-block-list\">\n<li>Acc\u00e8s, rectification, opposition, suppression, portabilit\u00e9 et limitation du traitement, ainsi que refus du traitement automatis\u00e9 des donn\u00e9es personnelles collect\u00e9es par ANSI.<\/li>\n\n\n\n<li>De m\u00eame, tout utilisateur a le droit de retirer \u00e0 tout moment le consentement qu&rsquo;il a donn\u00e9.<\/li>\n<\/ul>\n\n\n\n<p>Ces droits peuvent \u00eatre exerc\u00e9s gratuitement par l&rsquo;utilisateur, en se r\u00e9f\u00e9rant \u00e0 la demande sp\u00e9cifi\u00e9e dans la demande via les coordonn\u00e9es indiqu\u00e9es \u00e0 la section 3.1 (adresse ou e-mail).<\/p>\n\n\n\n<p>L&rsquo;ANSI rappelle \u00e0 l&rsquo;utilisateur qu&rsquo;il a le droit de d\u00e9poser une plainte aupr\u00e8s de l&rsquo;autorit\u00e9 de contr\u00f4le comp\u00e9tente s&rsquo;il estime que ses droits ont \u00e9t\u00e9 viol\u00e9s.<\/p>\n\n\n\n<p><strong>8.- QUELLES MESURES DE S\u00c9CURIT\u00c9 AVONS-NOUS MIS EN PLACE ?<\/strong><\/p>\n\n\n\n<p>ANSI s&rsquo;engage \u00e0 respecter l&rsquo;obligation de confidentialit\u00e9 des donn\u00e9es personnelles et son devoir de les prot\u00e9ger, en traitant les donn\u00e9es personnelles de l&rsquo;utilisateur \u00e0 tout moment dans la plus stricte confidentialit\u00e9, en adoptant \u00e0 cette fin les mesures techniques et organisationnelles n\u00e9cessaires pour garantir la s\u00e9curit\u00e9 de vos donn\u00e9es et \u00e9viter leur alt\u00e9ration, leur perte, leur acc\u00e8s ou leur traitement non autoris\u00e9s, compte tenu de l&rsquo;\u00e9tat de la technologie, de la nature des donn\u00e9es stock\u00e9es et des risques auxquels elles sont expos\u00e9es.<\/p>\n\n\n\n<p><strong>9.- QUAND MODIFIONS-NOUS LA POLITIQUE DE CONFIDENTIALIT\u00c9 ?<\/strong><\/p>\n\n\n\n<p>ANSI peut modifier sa politique de confidentialit\u00e9 conform\u00e9ment \u00e0 la l\u00e9gislation applicable. Dans tous les cas, toute modification de la politique de confidentialit\u00e9 sera d\u00fbment notifi\u00e9e \u00e0 l&rsquo;utilisateur afin qu&rsquo;il soit inform\u00e9 des changements apport\u00e9s au traitement de ses donn\u00e9es personnelles et, si la r\u00e9glementation applicable l&rsquo;exige, l&rsquo;utilisateur pourra donner son consentement.<\/p>\n","protected":false},"excerpt":{"rendered":"<p>Au moyen de la pr\u00e9sente politique de confidentialit\u00e9, l&rsquo;utilisateur est inform\u00e9 de mani\u00e8re claire, pr\u00e9cise et concise. Si l&rsquo;utilisateur l&rsquo;accepte, il donnera son consentement de mani\u00e8re libre, \u00e9clair\u00e9e, sp\u00e9cifique et sans \u00e9quivoque pour qu&rsquo;ANSI traite ses donn\u00e9es personnelles, conform\u00e9ment au r\u00e8glement g\u00e9n\u00e9ral sur la protection des donn\u00e9es de l&rsquo;Union europ\u00e9enne (ci-apr\u00e8s \u00ab RGPD \u00bb). 1.- [&hellip;]<\/p>\n","protected":false},"author":1,"featured_media":0,"parent":0,"menu_order":0,"comment_status":"closed","ping_status":"closed","template":"","meta":{"footnotes":""},"class_list":["post-1090","page","type-page","status-publish","hentry"],"_links":{"self":[{"href":"https:\/\/windbotix.com\/fr\/wp-json\/wp\/v2\/pages\/1090","targetHints":{"allow":["GET"]}}],"collection":[{"href":"https:\/\/windbotix.com\/fr\/wp-json\/wp\/v2\/pages"}],"about":[{"href":"https:\/\/windbotix.com\/fr\/wp-json\/wp\/v2\/types\/page"}],"author":[{"embeddable":true,"href":"https:\/\/windbotix.com\/fr\/wp-json\/wp\/v2\/users\/1"}],"replies":[{"embeddable":true,"href":"https:\/\/windbotix.com\/fr\/wp-json\/wp\/v2\/comments?post=1090"}],"version-history":[{"count":5,"href":"https:\/\/windbotix.com\/fr\/wp-json\/wp\/v2\/pages\/1090\/revisions"}],"predecessor-version":[{"id":7380,"href":"https:\/\/windbotix.com\/fr\/wp-json\/wp\/v2\/pages\/1090\/revisions\/7380"}],"wp:attachment":[{"href":"https:\/\/windbotix.com\/fr\/wp-json\/wp\/v2\/media?parent=1090"}],"curies":[{"name":"wp","href":"https:\/\/api.w.org\/{rel}","templated":true}]}}