{"id":1088,"date":"2023-05-17T23:15:10","date_gmt":"2023-05-17T23:15:10","guid":{"rendered":"https:\/\/windbotix.com\/politique-en-matiere-de-cookies\/"},"modified":"2025-11-21T13:03:11","modified_gmt":"2025-11-21T13:03:11","slug":"politique-matiere-cookies","status":"publish","type":"page","link":"https:\/\/windbotix.com\/fr\/politique-matiere-cookies\/","title":{"rendered":"Politique en mati\u00e8re de cookies"},"content":{"rendered":"\n<p><strong>D\u00c9FINITION<\/strong><\/p>\n\n\n\n<p>Les cookies sont de petits fichiers que les pages web stockent dans le navigateur de l&rsquo;utilisateur qui les visite et qui sont n\u00e9cessaires pour offrir certains avantages d&rsquo;interaction \u00e0 la navigation.<\/p>\n\n\n\n<p>Les informations suivantes sur les diff\u00e9rents types de cookies permettent de mieux comprendre les fonctions qu&rsquo;ils permettent d&rsquo;exercer :<\/p>\n\n\n\n<p>Cookies de session : il s&rsquo;agit de cookies temporaires qui restent dans l&rsquo;espace r\u00e9serv\u00e9 aux cookies de votre ordinateur jusqu&rsquo;\u00e0 ce que vous quittiez la page web qui les utilise, de sorte qu&rsquo;aucun n&rsquo;est enregistr\u00e9 sur le disque de l&rsquo;utilisateur. Les informations obtenues gr\u00e2ce \u00e0 ces cookies sont utilis\u00e9es pour permettre la gestion op\u00e9rationnelle avec chacun des utilisateurs qui acc\u00e8dent simultan\u00e9ment au web.<\/p>\n\n\n\n<p>Cookies persistants : il s&rsquo;agit de cookies qui restent stock\u00e9s dans l&rsquo;espace cookie de votre ordinateur une fois que vous avez quitt\u00e9 le site web, et qui consulteront le site web la prochaine fois que vous y acc\u00e9derez afin de m\u00e9moriser des informations qui facilitent la navigation (acc\u00e9der directement au service sans avoir \u00e0 passer par le processus de connexion) ou la fourniture d&rsquo;un service commercial (proposer des produits ou services li\u00e9s \u00e0 des visites pr\u00e9c\u00e9dentes).<\/p>\n\n\n\n<p>Les cookies \u00e9chang\u00e9s lors de la navigation sur une page web peuvent \u00eatre :<\/p>\n\n\n\n<p>Cookies propri\u00e9taires ou propres : il s&rsquo;agit de cookies g\u00e9n\u00e9r\u00e9s par la page web visit\u00e9e.<\/p>\n\n\n\n<p>Cookies tiers : il s&rsquo;agit de cookies qui sont re\u00e7us lors de la navigation sur cette page web, mais qui ont \u00e9t\u00e9 g\u00e9n\u00e9r\u00e9s par un service tiers h\u00e9berg\u00e9 sur celle-ci. Un exemple peut \u00eatre le cookie utilis\u00e9 par une publicit\u00e9 ou une banni\u00e8re publicitaire sur la page web que nous visitons. Un autre exemple peut \u00eatre le cookie utilis\u00e9 par un compteur de visiteurs engag\u00e9 par le site web que nous visitons.<\/p>\n\n\n\n<p>Sur le site web www.ansisl.com, nous utilisons des cookies pour :<\/p>\n\n\n\n<ul class=\"wp-block-list\">\n<li>S&rsquo;assurer que le site web fonctionne correctement<\/li>\n\n\n\n<li>Enregistrer vos pr\u00e9f\u00e9rences<\/li>\n\n\n\n<li>Conna\u00eetre votre exp\u00e9rience de navigation<\/li>\n<\/ul>\n\n\n\n<p><strong>COOKIES DE PERSONNALISATION<\/strong><\/p>\n\n\n\n<p>Les cookies de personnalisation enregistrent les pr\u00e9f\u00e9rences de l&rsquo;utilisateur afin que le comportement de la page web, cr\u00e9\u00e9e \u00e0 partir d&rsquo;un mod\u00e8le WordPress, soit conserv\u00e9 entre les visites.<\/p>\n\n\n\n<p>Fournisseur du cookie<\/p>\n\n\n\n<p>viewed_cookie_policy ANSISL<\/p>\n\n\n\n<p>wp-setting-time-1<\/p>\n\n\n\n<p>wp-settings-1<\/p>\n\n\n\n<p>ANSISL<\/p>\n\n\n\n<p>wordpress_test_cookie ANSISL<\/p>\n\n\n\n<p><strong>COMMENT D\u00c9SINSTALLER LES COOKIES<\/strong><\/p>\n\n\n\n<p>Si vous souhaitez d\u00e9sinstaller les cookies utilis\u00e9s par le site web www.ansisl.com de votre navigateur, voici les instructions pour diff\u00e9rents navigateurs :<\/p>\n\n\n\n<ul class=\"wp-block-list\">\n<li>Google Chrome : https:\/\/support.google.com\/chrome\/answer\/95647<\/li>\n\n\n\n<li>Firefox : http:\/\/support.mozilla.org\/kb\/delete-cookies-remove-info-websites-stored<\/li>\n\n\n\n<li>Safari : http:\/\/support.apple.com\/kb\/ph11920 (en anglais)<\/li>\n\n\n\n<li>Allez dans le menu Safari > Pr\u00e9f\u00e9rences. Dans la section Confidentialit\u00e9, cliquez sur le bouton D\u00e9tails. S\u00e9lectionnez le site web qui stocke les cookies et appuyez sur Supprimer, ou appuyez sur Tout supprimer pour supprimer tous les cookies.<\/li>\n\n\n\n<li>Internet Explorer : http:\/\/windows.microsoft.com\/es-es\/internet-explorer\/delete-manage-cookies<\/li>\n<\/ul>\n\n\n\n<p>Autre : en g\u00e9n\u00e9ral, pour supprimer les cookies de votre navigateur, vous devez vous rendre dans le menu Pr\u00e9f\u00e9rences ou Param\u00e8tres du navigateur et rechercher la section Confidentialit\u00e9. Vous y trouverez des options pour g\u00e9rer vos cookies et autres donn\u00e9es stock\u00e9es par les sites web que vous visitez, ainsi que pour configurer le comportement de votre navigateur lors du traitement des cookies.<\/p>\n","protected":false},"excerpt":{"rendered":"<p>D\u00c9FINITION Les cookies sont de petits fichiers que les pages web stockent dans le navigateur de l&rsquo;utilisateur qui les visite et qui sont n\u00e9cessaires pour offrir certains avantages d&rsquo;interaction \u00e0 la navigation. Les informations suivantes sur les diff\u00e9rents types de cookies permettent de mieux comprendre les fonctions qu&rsquo;ils permettent d&rsquo;exercer : Cookies de session : [&hellip;]<\/p>\n","protected":false},"author":1,"featured_media":0,"parent":0,"menu_order":0,"comment_status":"closed","ping_status":"closed","template":"","meta":{"footnotes":""},"class_list":["post-1088","page","type-page","status-publish","hentry"],"_links":{"self":[{"href":"https:\/\/windbotix.com\/fr\/wp-json\/wp\/v2\/pages\/1088","targetHints":{"allow":["GET"]}}],"collection":[{"href":"https:\/\/windbotix.com\/fr\/wp-json\/wp\/v2\/pages"}],"about":[{"href":"https:\/\/windbotix.com\/fr\/wp-json\/wp\/v2\/types\/page"}],"author":[{"embeddable":true,"href":"https:\/\/windbotix.com\/fr\/wp-json\/wp\/v2\/users\/1"}],"replies":[{"embeddable":true,"href":"https:\/\/windbotix.com\/fr\/wp-json\/wp\/v2\/comments?post=1088"}],"version-history":[{"count":6,"href":"https:\/\/windbotix.com\/fr\/wp-json\/wp\/v2\/pages\/1088\/revisions"}],"predecessor-version":[{"id":7379,"href":"https:\/\/windbotix.com\/fr\/wp-json\/wp\/v2\/pages\/1088\/revisions\/7379"}],"wp:attachment":[{"href":"https:\/\/windbotix.com\/fr\/wp-json\/wp\/v2\/media?parent=1088"}],"curies":[{"name":"wp","href":"https:\/\/api.w.org\/{rel}","templated":true}]}}