{"id":1083,"date":"2023-05-17T23:13:55","date_gmt":"2023-05-17T23:13:55","guid":{"rendered":"https:\/\/windbotix.com\/avis-juridique\/"},"modified":"2025-11-21T13:05:12","modified_gmt":"2025-11-21T13:05:12","slug":"legal-notice","status":"publish","type":"page","link":"https:\/\/windbotix.com\/fr\/legal-notice\/","title":{"rendered":"Mentions l\u00e9gales"},"content":{"rendered":"\n<p><strong>DONN\u00c9ES D&rsquo;IDENTIFICATION<\/strong><\/p>\n\n\n\n<ul class=\"wp-block-list\">\n<li>Site web : www.ansisl.com<\/li>\n\n\n\n<li>Propri\u00e9taire : An\u00e1lisis y Soluciones de Ingenieria , S.L. (ci-apr\u00e8s, \u00ab ANSI \u00bb)<\/li>\n\n\n\n<li>NUM\u00c9RO D&rsquo;IDENTIFICATION FISCALE : B-36525772<\/li>\n\n\n\n<li>Adresse : R\u00faa Alfredo Garc\u00eda Alen 4, bajo. 36002 Pontevedra<\/li>\n\n\n\n<li>Adresse e-mail : info@ansisl.com<\/li>\n\n\n\n<li>Registre du commerce : ANSI est inscrite au registre du commerce de Pontevedra : Livre 3208 &#8211; Folio 150 &#8211; Feuille PO &#8211; 40336<\/li>\n<\/ul>\n\n\n\n<p><br><strong>CONTENU DU SITE WEB<\/strong><\/p>\n\n\n\n<p>1. Veuillez noter que l&rsquo;ANSI est propri\u00e9taire de tous les droits de propri\u00e9t\u00e9 intellectuelle et industrielle du site web, ainsi que des \u00e9l\u00e9ments qui y sont contenus (y compris, mais sans s&rsquo;y limiter, les images, les sons, les fichiers audio, les vid\u00e9os, les logiciels ou les textes ; les marques commerciales ou logos, les combinaisons de couleurs, la structure et la conception, la s\u00e9lection des mat\u00e9riaux utilis\u00e9s, les programmes informatiques n\u00e9cessaires \u00e0 son fonctionnement, son acc\u00e8s et son utilisation, etc.<\/p>\n\n\n\n<p>2. Le site web de l&rsquo;ANSI est compos\u00e9 de textes destin\u00e9s \u00e0 informer les utilisateurs et les clients. Toute erreur ou omission dans le contenu g\u00e9n\u00e9r\u00e9 ne rendra en aucun cas ANSI responsable, et les articles publi\u00e9s dans notre blog et notre newsletter mentionneront leur auteur, mais ne pourront en aucun cas \u00eatre consid\u00e9r\u00e9s comme un substitut \u00e0 un avis juridique.<\/p>\n\n\n\n<p>3. ANSI n&rsquo;est pas responsable du contenu auquel nos utilisateurs auront acc\u00e8s par le biais de liens tiers contenus sur notre site web. L&rsquo;utilisation de ces liens tiers n&rsquo;implique pas que ANSI approuve le contenu des sites externes.<\/p>\n\n\n\n<p><br><strong>R\u00c8GLEMENTS ET COMP\u00c9TENCE<\/strong><\/p>\n\n\n\n<p>Nos textes juridiques sont r\u00e9gis par la l\u00e9gislation espagnole. Ces textes resteront accessibles aux utilisateurs \u00e0 tout moment depuis notre site web. Si les parties ne conviennent pas au pr\u00e9alable de se soumettre \u00e0 la m\u00e9diation ou \u00e0 l&rsquo;arbitrage, dans la pr\u00e9sente mention l\u00e9gale, les parties conviennent de se soumettre aux cours et tribunaux de Pontevedra, car c&rsquo;est l\u00e0 que le contrat a \u00e9t\u00e9 conclu, et renoncent express\u00e9ment \u00e0 toute autre juridiction.<\/p>\n","protected":false},"excerpt":{"rendered":"<p>DONN\u00c9ES D&rsquo;IDENTIFICATION CONTENU DU SITE WEB 1. Veuillez noter que l&rsquo;ANSI est propri\u00e9taire de tous les droits de propri\u00e9t\u00e9 intellectuelle et industrielle du site web, ainsi que des \u00e9l\u00e9ments qui y sont contenus (y compris, mais sans s&rsquo;y limiter, les images, les sons, les fichiers audio, les vid\u00e9os, les logiciels ou les textes ; les [&hellip;]<\/p>\n","protected":false},"author":1,"featured_media":0,"parent":0,"menu_order":0,"comment_status":"closed","ping_status":"closed","template":"","meta":{"footnotes":""},"class_list":["post-1083","page","type-page","status-publish","hentry"],"_links":{"self":[{"href":"https:\/\/windbotix.com\/fr\/wp-json\/wp\/v2\/pages\/1083","targetHints":{"allow":["GET"]}}],"collection":[{"href":"https:\/\/windbotix.com\/fr\/wp-json\/wp\/v2\/pages"}],"about":[{"href":"https:\/\/windbotix.com\/fr\/wp-json\/wp\/v2\/types\/page"}],"author":[{"embeddable":true,"href":"https:\/\/windbotix.com\/fr\/wp-json\/wp\/v2\/users\/1"}],"replies":[{"embeddable":true,"href":"https:\/\/windbotix.com\/fr\/wp-json\/wp\/v2\/comments?post=1083"}],"version-history":[{"count":6,"href":"https:\/\/windbotix.com\/fr\/wp-json\/wp\/v2\/pages\/1083\/revisions"}],"predecessor-version":[{"id":7378,"href":"https:\/\/windbotix.com\/fr\/wp-json\/wp\/v2\/pages\/1083\/revisions\/7378"}],"wp:attachment":[{"href":"https:\/\/windbotix.com\/fr\/wp-json\/wp\/v2\/media?parent=1083"}],"curies":[{"name":"wp","href":"https:\/\/api.w.org\/{rel}","templated":true}]}}