{"id":716,"date":"2023-06-06T08:57:19","date_gmt":"2023-06-06T08:57:19","guid":{"rendered":"https:\/\/windbotix.com\/?page_id=716"},"modified":"2025-11-20T13:18:05","modified_gmt":"2025-11-20T13:18:05","slug":"noticias","status":"publish","type":"page","link":"https:\/\/windbotix.com\/es\/noticias\/","title":{"rendered":"Noticias"},"content":{"rendered":"\t\t<div data-elementor-type=\"wp-page\" data-elementor-id=\"716\" class=\"elementor elementor-716\" data-elementor-settings=\"{&quot;ha_cmc_init_switcher&quot;:&quot;no&quot;}\" data-elementor-post-type=\"page\">\n\t\t\t\t<div class=\"elementor-element elementor-element-f376c09 e-flex e-con-boxed e-con e-parent\" data-id=\"f376c09\" data-element_type=\"container\" data-e-type=\"container\" data-settings=\"{&quot;background_background&quot;:&quot;classic&quot;,&quot;_ha_eqh_enable&quot;:false}\">\n\t\t\t\t\t<div class=\"e-con-inner\">\n\t\t<div class=\"elementor-element elementor-element-be7034d e-flex e-con-boxed e-con e-child\" data-id=\"be7034d\" data-element_type=\"container\" data-e-type=\"container\" data-settings=\"{&quot;_ha_eqh_enable&quot;:false}\">\n\t\t\t\t\t<div class=\"e-con-inner\">\n\t\t\t\t<div class=\"elementor-element elementor-element-ab3f71c elementor-widget elementor-widget-heading\" data-id=\"ab3f71c\" data-element_type=\"widget\" data-e-type=\"widget\" data-widget_type=\"heading.default\">\n\t\t\t\t<div class=\"elementor-widget-container\">\n\t\t\t\t\t<h1 class=\"elementor-heading-title elementor-size-default\">Noticias<\/h1>\t\t\t\t<\/div>\n\t\t\t\t<\/div>\n\t\t\t\t\t<\/div>\n\t\t\t\t<\/div>\n\t\t\t\t\t<\/div>\n\t\t\t\t<\/div>\n\t\t<div class=\"elementor-element elementor-element-a6cb417 e-flex e-con-boxed e-con e-parent\" data-id=\"a6cb417\" data-element_type=\"container\" data-e-type=\"container\" data-settings=\"{&quot;background_background&quot;:&quot;classic&quot;,&quot;_ha_eqh_enable&quot;:false}\">\n\t\t\t\t\t<div class=\"e-con-inner\">\n\t\t<div class=\"elementor-element elementor-element-9cb43c3 e-con-full e-flex e-con e-child\" data-id=\"9cb43c3\" data-element_type=\"container\" data-e-type=\"container\" data-settings=\"{&quot;background_background&quot;:&quot;classic&quot;,&quot;_ha_eqh_enable&quot;:false}\">\n\t\t\t\t<div class=\"elementor-element elementor-element-1316d50 elementor-invisible elementor-widget elementor-widget-heading\" data-id=\"1316d50\" data-element_type=\"widget\" data-e-type=\"widget\" data-settings=\"{&quot;_animation&quot;:&quot;fadeInRight&quot;}\" data-widget_type=\"heading.default\">\n\t\t\t\t<div class=\"elementor-widget-container\">\n\t\t\t\t\t<h2 class=\"elementor-heading-title elementor-size-default\">\u00daltimas noticias<\/h2>\t\t\t\t<\/div>\n\t\t\t\t<\/div>\n\t\t\t\t<div class=\"elementor-element elementor-element-f8ebe2e elementor-widget-divider--view-line elementor-invisible elementor-widget elementor-widget-divider\" data-id=\"f8ebe2e\" data-element_type=\"widget\" data-e-type=\"widget\" data-settings=\"{&quot;_animation&quot;:&quot;fadeInLeft&quot;}\" data-widget_type=\"divider.default\">\n\t\t\t\t<div class=\"elementor-widget-container\">\n\t\t\t\t\t\t\t<div class=\"elementor-divider\">\n\t\t\t<span class=\"elementor-divider-separator\">\n\t\t\t\t\t\t<\/span>\n\t\t<\/div>\n\t\t\t\t\t\t<\/div>\n\t\t\t\t<\/div>\n\t\t\t\t<div class=\"elementor-element elementor-element-32f296b elementor-widget elementor-widget-ha-post-list happy-addon ha-post-list\" data-id=\"32f296b\" data-element_type=\"widget\" data-e-type=\"widget\" data-widget_type=\"ha-post-list.default\">\n\t\t\t\t<div class=\"elementor-widget-container\">\n\t\t\t\t\t\t\t\t<div class=\"ha-post-list-wrapper\">\n\t\t\t\t<ul class=\"ha-post-list\" >\n\t\t\t\t\t\t\t\t\t\t\t<li class=\"ha-post-list-item\">\n\t\t\t\t\t\t\t<a href=\"https:\/\/windbotix.com\/es\/conociendo-los-danos-internos-de-las-palas\/\">\n\t\t\t\t\t\t\t\t<span class=\"ha-post-list-icon\"><\/span>\t\t\t\t\t\t\t\t<div class=\"ha-post-list-content\">\n\t\t\t\t\t\t\t\t\t<h3 class=\"ha-post-list-title\">Conociendo los da\u00f1os internos de las palas<\/h3>\t\t\t\t\t\t\t\t\t\t\t\t\t\t\t\t\t\t\t\t\t\t\t\t\t\t\t\t\t\t\t\t\t\t\t\t\t<div class=\"ha-post-list-excerpt\">\n\t\t\t\t\t\t\t\t\t\t\t<p>La tasa de crecimiento del mercado e\u00f3lico La instalaci\u00f3n de aerogeneradores en el mundo ha tenido un ritmo elevado en los \u00faltimos a\u00f1os. Seg\u00fan las.<\/p>\t\t\t\t\t\t\t\t\t\t<\/div>\n\t\t\t\t\t\t\t\t\t\t\t\t\t\t\t\t\t<\/div>\n\t\t\t\t\t\t\t<\/a>\n\t\t\t\t\t\t<\/li>\n\t\t\t\t\t\t\t\t\t\t\t<li class=\"ha-post-list-item\">\n\t\t\t\t\t\t\t<a href=\"https:\/\/windbotix.com\/es\/pensar-diferente-para-contribuir-a-la-descarbonizacion\/\">\n\t\t\t\t\t\t\t\t<span class=\"ha-post-list-icon\"><\/span>\t\t\t\t\t\t\t\t<div class=\"ha-post-list-content\">\n\t\t\t\t\t\t\t\t\t<h3 class=\"ha-post-list-title\">Pensar diferente para contribuir a la descarbonizaci\u00f3n<\/h3>\t\t\t\t\t\t\t\t\t\t\t\t\t\t\t\t\t\t\t\t\t\t\t\t\t\t\t\t\t\t\t\t\t\t\t\t\t<div class=\"ha-post-list-excerpt\">\n\t\t\t\t\t\t\t\t\t\t\t<p>Torres de aerogeneradores construidas con m\u00f3dulos de madera laminada enchapada. Los procesos de fabricaci\u00f3n de las torres tradicionales de acero para aerogeneradores son muy contaminantes..<\/p>\t\t\t\t\t\t\t\t\t\t<\/div>\n\t\t\t\t\t\t\t\t\t\t\t\t\t\t\t\t\t<\/div>\n\t\t\t\t\t\t\t<\/a>\n\t\t\t\t\t\t<\/li>\n\t\t\t\t\t\t\t\t\t\t\t<li class=\"ha-post-list-item\">\n\t\t\t\t\t\t\t<a href=\"https:\/\/windbotix.com\/es\/el-tamano-si-importa\/\">\n\t\t\t\t\t\t\t\t<span class=\"ha-post-list-icon\"><\/span>\t\t\t\t\t\t\t\t<div class=\"ha-post-list-content\">\n\t\t\t\t\t\t\t\t\t<h3 class=\"ha-post-list-title\">El tama\u00f1o s\u00ed importa: por qu\u00e9 la escala determina el \u00e9xito<\/h3>\t\t\t\t\t\t\t\t\t\t\t\t\t\t\t\t\t\t\t\t\t\t\t\t\t\t\t\t\t\t\t\t\t\t\t\t\t<div class=\"ha-post-list-excerpt\">\n\t\t\t\t\t\t\t\t\t\t\t<p>Una carrera por construir turbinas m\u00e1s gigantes y eficientes. La industria e\u00f3lica marina est\u00e1 siendo testigo de una carrera por construir turbinas m\u00e1s gigantes y.<\/p>\t\t\t\t\t\t\t\t\t\t<\/div>\n\t\t\t\t\t\t\t\t\t\t\t\t\t\t\t\t\t<\/div>\n\t\t\t\t\t\t\t<\/a>\n\t\t\t\t\t\t<\/li>\n\t\t\t\t\t\t\t\t\t<\/ul>\n\t\t\t<\/div>\n\t\t\t\t\t\t\t<\/div>\n\t\t\t\t<\/div>\n\t\t\t\t<\/div>\n\t\t<div class=\"elementor-element elementor-element-9c38454 e-con-full e-flex e-con e-child\" data-id=\"9c38454\" data-element_type=\"container\" data-e-type=\"container\" data-settings=\"{&quot;_ha_eqh_enable&quot;:false}\">\n\t\t\t\t<div class=\"elementor-element elementor-element-1d5b1c9 elementor-grid-eael-col-3 elementor-grid-tablet-eael-col-2 elementor-grid-mobile-eael-col-1 elementor-widget elementor-widget-eael-post-grid\" data-id=\"1d5b1c9\" data-element_type=\"widget\" data-e-type=\"widget\" data-settings=\"{&quot;eael_post_grid_columns&quot;:&quot;eael-col-3&quot;,&quot;eael_post_grid_columns_tablet&quot;:&quot;eael-col-2&quot;,&quot;eael_post_grid_columns_mobile&quot;:&quot;eael-col-1&quot;}\" data-widget_type=\"eael-post-grid.default\">\n\t\t\t\t<div class=\"elementor-widget-container\">\n\t\t\t\t\t<div id=\"eael-post-grid-1d5b1c9\" class=\"eael-post-grid-container\">\n            <div class=\"eael-post-grid eael-post-appender eael-post-appender-1d5b1c9 eael-post-grid-style-two\" data-layout-mode=\"masonry\"><article class=\"eael-grid-post  eael-post-grid-column eael-pg-post-5740 category-sin-categorizar\" data-id=\"5740\">\n    <div class=\"eael-grid-post-holder\">\n        <div class=\"eael-grid-post-holder-inner\"><div class=\"eael-entry-media\"><div class=\"eael-entry-overlay fade-in\"><i class=\"\" aria-hidden=\"true\"><\/i><a href=\"https:\/\/windbotix.com\/es\/conociendo-los-danos-internos-de-las-palas\/\"target=\"_blank\"><\/a><\/div><div class=\"eael-entry-thumbnail \">\n                            <img fetchpriority=\"high\" decoding=\"async\" width=\"300\" height=\"200\" src=\"https:\/\/windbotix.com\/wp-content\/uploads\/2023\/11\/Blade-damage-300x200.jpg\" class=\"attachment-medium size-medium wp-image-1792\" alt=\"\" title=\"\" srcset=\"https:\/\/windbotix.com\/wp-content\/uploads\/2023\/11\/Blade-damage-300x200.jpg 300w, https:\/\/windbotix.com\/wp-content\/uploads\/2023\/11\/Blade-damage-1024x682.jpg 1024w, https:\/\/windbotix.com\/wp-content\/uploads\/2023\/11\/Blade-damage-768x512.jpg 768w, https:\/\/windbotix.com\/wp-content\/uploads\/2023\/11\/Blade-damage-1536x1024.jpg 1536w, https:\/\/windbotix.com\/wp-content\/uploads\/2023\/11\/Blade-damage.jpg 1598w\" sizes=\"(max-width: 300px) 100vw, 300px\" \/>\n                            <\/div>\n                    <\/div><div class=\"eael-entry-wrapper\"><header class=\"eael-entry-header\"><h3 class=\"eael-entry-title\"><a class=\"eael-grid-post-link\" href=\"https:\/\/windbotix.com\/es\/conociendo-los-danos-internos-de-las-palas\/\" title=\"Conociendo los da\u00f1os internos de las palas\"target=\"_blank\">Conociendo los da\u00f1os internos de las palas<\/a><\/h3><\/header><div class=\"eael-entry-header-after style-two\"><div class=\"eael-entry-meta\"><span class=\"eael-posted-on eael-meta-posted-on\"><i class=\"far fa-clock\"><\/i><time datetime=\"noviembre 2, 2023\">noviembre 2, 2023<\/time><\/span><\/div><\/div><div class=\"eael-entry-content\">\n                                <div class=\"eael-grid-post-excerpt\"><p>La tasa de crecimiento del mercado e\u00f3lico La instalaci\u00f3n de aerogeneradores en el mundo ha tenido un ritmo elevado en...<\/p><a href=\"https:\/\/windbotix.com\/es\/conociendo-los-danos-internos-de-las-palas\/\" class=\"eael-post-elements-readmore-btn\"target=\"_blank\">Read More<\/a><\/div>\n                            <\/div><\/div><\/div>\n    <\/div>\n<\/article><article class=\"eael-grid-post  eael-post-grid-column eael-pg-post-5742 category-sin-categorizar\" data-id=\"5742\">\n    <div class=\"eael-grid-post-holder\">\n        <div class=\"eael-grid-post-holder-inner\"><div class=\"eael-entry-media\"><div class=\"eael-entry-overlay fade-in\"><i class=\"\" aria-hidden=\"true\"><\/i><a href=\"https:\/\/windbotix.com\/es\/pensar-diferente-para-contribuir-a-la-descarbonizacion\/\"target=\"_blank\"><\/a><\/div><div class=\"eael-entry-thumbnail \">\n                            <img decoding=\"async\" width=\"300\" height=\"170\" src=\"https:\/\/windbotix.com\/wp-content\/uploads\/2023\/10\/Wooden-turbine-300x170.jpg\" class=\"attachment-medium size-medium wp-image-1692\" alt=\"\" title=\"\" srcset=\"https:\/\/windbotix.com\/wp-content\/uploads\/2023\/10\/Wooden-turbine-300x170.jpg 300w, https:\/\/windbotix.com\/wp-content\/uploads\/2023\/10\/Wooden-turbine-1024x580.jpg 1024w, https:\/\/windbotix.com\/wp-content\/uploads\/2023\/10\/Wooden-turbine-768x435.jpg 768w, https:\/\/windbotix.com\/wp-content\/uploads\/2023\/10\/Wooden-turbine.jpg 1375w\" sizes=\"(max-width: 300px) 100vw, 300px\" \/>\n                            <\/div>\n                    <\/div><div class=\"eael-entry-wrapper\"><header class=\"eael-entry-header\"><h3 class=\"eael-entry-title\"><a class=\"eael-grid-post-link\" href=\"https:\/\/windbotix.com\/es\/pensar-diferente-para-contribuir-a-la-descarbonizacion\/\" title=\"Pensar diferente para contribuir a la descarbonizaci\u00f3n\"target=\"_blank\">Pensar diferente para contribuir a la descarbonizaci\u00f3n<\/a><\/h3><\/header><div class=\"eael-entry-header-after style-two\"><div class=\"eael-entry-meta\"><span class=\"eael-posted-on eael-meta-posted-on\"><i class=\"far fa-clock\"><\/i><time datetime=\"noviembre 2, 2023\">noviembre 2, 2023<\/time><\/span><\/div><\/div><div class=\"eael-entry-content\">\n                                <div class=\"eael-grid-post-excerpt\"><p>Torres de aerogeneradores construidas con m\u00f3dulos de madera laminada enchapada. Los procesos de fabricaci\u00f3n de las torres tradicionales de acero...<\/p><a href=\"https:\/\/windbotix.com\/es\/pensar-diferente-para-contribuir-a-la-descarbonizacion\/\" class=\"eael-post-elements-readmore-btn\"target=\"_blank\">Read More<\/a><\/div>\n                            <\/div><\/div><\/div>\n    <\/div>\n<\/article><article class=\"eael-grid-post  eael-post-grid-column eael-pg-post-1696 category-sin-categorizar\" data-id=\"1696\">\n    <div class=\"eael-grid-post-holder\">\n        <div class=\"eael-grid-post-holder-inner\"><div class=\"eael-entry-media\"><div class=\"eael-entry-overlay fade-in\"><i class=\"\" aria-hidden=\"true\"><\/i><a href=\"https:\/\/windbotix.com\/es\/el-tamano-si-importa\/\"target=\"_blank\"><\/a><\/div><div class=\"eael-entry-thumbnail \">\n                            <img decoding=\"async\" width=\"300\" height=\"157\" src=\"https:\/\/windbotix.com\/wp-content\/uploads\/2023\/10\/Size_evolution_of_wind_turbine-300x157.webp\" class=\"attachment-medium size-medium wp-image-1723\" alt=\"Size evolution of windturbines\" title=\"\" srcset=\"https:\/\/windbotix.com\/wp-content\/uploads\/2023\/10\/Size_evolution_of_wind_turbine-300x157.webp 300w, https:\/\/windbotix.com\/wp-content\/uploads\/2023\/10\/Size_evolution_of_wind_turbine-1024x536.webp 1024w, https:\/\/windbotix.com\/wp-content\/uploads\/2023\/10\/Size_evolution_of_wind_turbine-768x402.webp 768w, https:\/\/windbotix.com\/wp-content\/uploads\/2023\/10\/Size_evolution_of_wind_turbine-1536x804.webp 1536w, https:\/\/windbotix.com\/wp-content\/uploads\/2023\/10\/Size_evolution_of_wind_turbine.webp 1898w\" sizes=\"(max-width: 300px) 100vw, 300px\" \/>\n                            <\/div>\n                    <\/div><div class=\"eael-entry-wrapper\"><header class=\"eael-entry-header\"><h3 class=\"eael-entry-title\"><a class=\"eael-grid-post-link\" href=\"https:\/\/windbotix.com\/es\/el-tamano-si-importa\/\" title=\"El tama\u00f1o s\u00ed importa: por qu\u00e9 la escala determina el \u00e9xito\"target=\"_blank\">El tama\u00f1o s\u00ed importa: por qu\u00e9 la<\/a><\/h3><\/header><div class=\"eael-entry-header-after style-two\"><div class=\"eael-entry-meta\"><span class=\"eael-posted-on eael-meta-posted-on\"><i class=\"far fa-clock\"><\/i><time datetime=\"octubre 23, 2023\">octubre 23, 2023<\/time><\/span><\/div><\/div><div class=\"eael-entry-content\">\n                                <div class=\"eael-grid-post-excerpt\"><p>Una carrera por construir turbinas m\u00e1s gigantes y eficientes. La industria e\u00f3lica marina est\u00e1 siendo testigo de una carrera por...<\/p><a href=\"https:\/\/windbotix.com\/es\/el-tamano-si-importa\/\" class=\"eael-post-elements-readmore-btn\"target=\"_blank\">Read More<\/a><\/div>\n                            <\/div><\/div><\/div>\n    <\/div>\n<\/article><article class=\"eael-grid-post  eael-post-grid-column eael-pg-post-1607 category-sin-categorizar-es\" data-id=\"1607\">\n    <div class=\"eael-grid-post-holder\">\n        <div class=\"eael-grid-post-holder-inner\"><div class=\"eael-entry-media\"><div class=\"eael-entry-overlay fade-in\"><i class=\"\" aria-hidden=\"true\"><\/i><a href=\"https:\/\/windbotix.com\/es\/new-technologies-for-inspeccion-internal-repair-wind-blades\/\"target=\"_blank\"><\/a><\/div><div class=\"eael-entry-thumbnail \">\n                            <img loading=\"lazy\" decoding=\"async\" width=\"225\" height=\"300\" src=\"https:\/\/windbotix.com\/wp-content\/uploads\/2023\/09\/wind-turbine-blade-windbotix-1-225x300.webp\" class=\"attachment-medium size-medium wp-image-1667\" alt=\"inspection and internal repair of wind turbine blades\" title=\"\" srcset=\"https:\/\/windbotix.com\/wp-content\/uploads\/2023\/09\/wind-turbine-blade-windbotix-1-225x300.webp 225w, https:\/\/windbotix.com\/wp-content\/uploads\/2023\/09\/wind-turbine-blade-windbotix-1.webp 600w\" sizes=\"(max-width: 225px) 100vw, 225px\" \/>\n                            <\/div>\n                    <\/div><div class=\"eael-entry-wrapper\"><header class=\"eael-entry-header\"><h3 class=\"eael-entry-title\"><a class=\"eael-grid-post-link\" href=\"https:\/\/windbotix.com\/es\/new-technologies-for-inspeccion-internal-repair-wind-blades\/\" title=\"Nuevas tecnolog\u00edas para la inspecci\u00f3n y reparaci\u00f3n interna de aerogeneradores.\"target=\"_blank\">Nuevas tecnolog\u00edas para la inspecci\u00f3n y reparaci\u00f3n<\/a><\/h3><\/header><div class=\"eael-entry-header-after style-two\"><div class=\"eael-entry-meta\"><span class=\"eael-posted-on eael-meta-posted-on\"><i class=\"far fa-clock\"><\/i><time datetime=\"septiembre 13, 2023\">septiembre 13, 2023<\/time><\/span><\/div><\/div><div class=\"eael-entry-content\">\n                                <div class=\"eael-grid-post-excerpt\"><p>Las palas de un aerogenerador son las estructuras compuestas de una sola pieza m\u00e1s grandes construidas en el mundo, incluso...<\/p><a href=\"https:\/\/windbotix.com\/es\/new-technologies-for-inspeccion-internal-repair-wind-blades\/\" class=\"eael-post-elements-readmore-btn\"target=\"_blank\">Read More<\/a><\/div>\n                            <\/div><\/div><\/div>\n    <\/div>\n<\/article><\/div>\n            <div class=\"clearfix\"><\/div>\n        <\/div>            <div class=\"eael-load-more-button-wrap eael-infinity-scroll\" data-offset=\"-200\">\n                <button class=\"eael-load-more-button\" id=\"eael-load-more-btn-1d5b1c9\" data-widget-id=\"1d5b1c9\" data-widget=\"1d5b1c9\" data-page-id=\"716\" data-template=\"{&quot;dir&quot;:&quot;lite&quot;,&quot;file_name&quot;:&quot;two.php&quot;,&quot;name&quot;:&quot;Post-Grid&quot;}\" data-class=\"Essential_Addons_Elementor\\Elements\\Post_Grid\" data-layout=\"masonry\" data-page=\"1\" data-args=\"orderby=date&amp;order=desc&amp;ignore_sticky_posts=1&amp;post_status=publish&amp;posts_per_page=4&amp;offset=0&amp;post_type=post\" data-max-page=\"2\">\n                    <span class=\"eael-btn-loader button__loader\"><\/span>\n                    <span class=\"eael_load_more_text\">Load More<\/span>\n                <\/button>\n            <\/div>\n            \t\t\t\t<\/div>\n\t\t\t\t<\/div>\n\t\t\t\t<\/div>\n\t\t\t\t\t<\/div>\n\t\t\t\t<\/div>\n\t\t\t\t<\/div>\n\t\t","protected":false},"excerpt":{"rendered":"<p>Noticias \u00daltimas noticias Conociendo los da\u00f1os internos de las palas La tasa de crecimiento del mercado e\u00f3lico La instalaci\u00f3n de aerogeneradores en el mundo ha tenido un ritmo elevado en los \u00faltimos a\u00f1os. Seg\u00fan las. Pensar diferente para contribuir a la descarbonizaci\u00f3n Torres de aerogeneradores construidas con m\u00f3dulos de madera laminada enchapada. Los procesos de [&hellip;]<\/p>\n","protected":false},"author":1,"featured_media":0,"parent":0,"menu_order":0,"comment_status":"closed","ping_status":"closed","template":"","meta":{"footnotes":""},"class_list":["post-716","page","type-page","status-publish","hentry"],"_links":{"self":[{"href":"https:\/\/windbotix.com\/es\/wp-json\/wp\/v2\/pages\/716","targetHints":{"allow":["GET"]}}],"collection":[{"href":"https:\/\/windbotix.com\/es\/wp-json\/wp\/v2\/pages"}],"about":[{"href":"https:\/\/windbotix.com\/es\/wp-json\/wp\/v2\/types\/page"}],"author":[{"embeddable":true,"href":"https:\/\/windbotix.com\/es\/wp-json\/wp\/v2\/users\/1"}],"replies":[{"embeddable":true,"href":"https:\/\/windbotix.com\/es\/wp-json\/wp\/v2\/comments?post=716"}],"version-history":[{"count":28,"href":"https:\/\/windbotix.com\/es\/wp-json\/wp\/v2\/pages\/716\/revisions"}],"predecessor-version":[{"id":7328,"href":"https:\/\/windbotix.com\/es\/wp-json\/wp\/v2\/pages\/716\/revisions\/7328"}],"wp:attachment":[{"href":"https:\/\/windbotix.com\/es\/wp-json\/wp\/v2\/media?parent=716"}],"curies":[{"name":"wp","href":"https:\/\/api.w.org\/{rel}","templated":true}]}}