{"id":317,"date":"2023-05-17T23:15:10","date_gmt":"2023-05-17T23:15:10","guid":{"rendered":"https:\/\/windbotix.com\/?page_id=317"},"modified":"2025-11-19T11:42:47","modified_gmt":"2025-11-19T11:42:47","slug":"politica-de-cookies","status":"publish","type":"page","link":"https:\/\/windbotix.com\/es\/politica-de-cookies\/","title":{"rendered":"Pol\u00edtica de cookies"},"content":{"rendered":"\n<p><strong>DEFINICI\u00d3N<\/strong><\/p>\n\n\n\n<p>Las cookies son peque\u00f1os archivos que las p\u00e1ginas web almacenan en el navegador del usuario que las visita y que son necesarios para proporcionar ciertas ventajas de interacci\u00f3n a la navegaci\u00f3n.<\/p>\n\n\n\n<p>La siguiente informaci\u00f3n sobre los posibles tipos de cookies ayuda a comprender mejor las funciones que permiten:<\/p>\n\n\n\n<p>Cookies de sesi\u00f3n: son cookies temporales que permanecen en el espacio de cookies de su ordenador hasta que abandona la p\u00e1gina web que las utiliza, por lo que ninguna queda registrada en el disco del usuario. La informaci\u00f3n obtenida a trav\u00e9s de estas cookies se utiliza para hacer posible la gesti\u00f3n operativa con cada uno de los usuarios que acceden simult\u00e1neamente a la web.<\/p>\n\n\n\n<p>Cookies persistentes: son cookies que permanecen almacenadas en el espacio de cookies de su ordenador una vez que ha abandonado el sitio web, y que consultar\u00e1 el sitio web la pr\u00f3xima vez que acceda a \u00e9l para recordar informaci\u00f3n que facilite la navegaci\u00f3n (acceder directamente al servicio sin tener que realizar el proceso de login) o la prestaci\u00f3n de un servicio comercial (ofrecer aquellos productos o servicios relacionados con visitas anteriores).<\/p>\n\n\n\n<p>Las cookies intercambiadas al navegar por una p\u00e1gina web pueden ser:<\/p>\n\n\n\n<p>Cookies propias: son aquellas cookies generadas por la propia p\u00e1gina web que se est\u00e1 visitando.<\/p>\n\n\n\n<p>Cookies de terceros: son aquellas cookies que se reciben al navegar por esa p\u00e1gina web, pero que han sido generadas por un servicio de terceros alojado en ella. Un ejemplo puede ser la cookie utilizada por un anuncio o banner publicitario en la p\u00e1gina web que visitamos. Otro puede ser la cookie utilizada por un contador de visitas contratado por la p\u00e1gina web que visitamos.<\/p>\n\n\n\n<p>En el sitio web www.ansisl.com utilizamos cookies para:<\/p>\n\n\n\n<ul class=\"wp-block-list\">\n<li>Asegurar el correcto funcionamiento del sitio web.<\/li>\n\n\n\n<li>Almacenar sus preferencias.<\/li>\n\n\n\n<li>Conocer su experiencia de navegaci\u00f3n.<\/li>\n<\/ul>\n\n\n\n<p><strong>COOKIES  PERSONALIZA<\/strong>DAS<\/p>\n\n\n\n<p>Las cookies de personalizaci\u00f3n almacenan las preferencias del usuario para que el comportamiento de la p\u00e1gina web, creada a partir de una plantilla de WordPress, se mantenga entre visitas.<\/p>\n\n\n\n<p>Proveedor de cookies<\/p>\n\n\n\n<p>viewed_cookie_policy ANSISL<\/p>\n\n\n\n<p>wp-setting-time-1<\/p>\n\n\n\n<p>wp-settings-1<\/p>\n\n\n\n<p>ANSISL<\/p>\n\n\n\n<p>wordpress_test_cookie ANSISL<\/p>\n\n\n\n<p><strong>C\u00d3MO DESINSTALAR LAS COOKIES<\/strong><\/p>\n\n\n\n<p>Si desea desinstalar las cookies utilizadas por el sitio web www.ansisl.com de su navegador, aqu\u00ed tiene las instrucciones para los diferentes navegadores:<\/p>\n\n\n\n<ul class=\"wp-block-list\">\n<li>Google Chrome: <a href=\"https:\/\/support.google.com\/chrome\/answer\/95647\" target=\"_blank\" rel=\"noopener\">https:\/\/support.google.com\/chrome\/answer\/95647<\/a><\/li>\n\n\n\n<li>Firefox: <a href=\"http:\/\/support.mozilla.org\/kb\/delete-cookies-remove-info-websites-stored\" target=\"_blank\" rel=\"noopener\">http:\/\/support.mozilla.org\/kb\/delete-cookies-remove-info-websites-stored<\/a><\/li>\n\n\n\n<li>Safari: <a href=\"http:\/\/support.apple.com\/kb\/ph11920\" target=\"_blank\" rel=\"noopener\">http:\/\/support.apple.com\/kb\/ph11920<\/a> (in English)<\/li>\n\n\n\n<li>Vaya al men\u00fa Safari > Preferencias. En la secci\u00f3n Privacidad, haga clic en el bot\u00f3n Detalles. Seleccione el sitio web que almacena cookies y pulse Eliminar, o pulse Eliminar todo para eliminar todas las cookies.<\/li>\n\n\n\n<li>Internet Explorer: <a href=\"http:\/\/windows.microsoft.com\/es-es\/internet-explorer\/delete-manage-cookies\" target=\"_blank\" rel=\"noopener\">http:\/\/windows.microsoft.com\/es-es\/internet-explorer\/delete-manage-cookies<\/a><\/li>\n<\/ul>\n\n\n\n<p>Otros: En general, para eliminar las cookies de su navegador, debe ir al men\u00fa Preferencias o Configuraci\u00f3n del navegador y buscar la secci\u00f3n Privacidad. All\u00ed encontrar\u00e1 opciones para gestionar sus cookies y otros datos almacenados por los sitios web que visita, as\u00ed como para configurar el comportamiento de su navegador al manejar las cookies.<\/p>\n\n\n\n<p><\/p>\n","protected":false},"excerpt":{"rendered":"<p>DEFINICI\u00d3N Las cookies son peque\u00f1os archivos que las p\u00e1ginas web almacenan en el navegador del usuario que las visita y que son necesarios para proporcionar ciertas ventajas de interacci\u00f3n a la navegaci\u00f3n. La siguiente informaci\u00f3n sobre los posibles tipos de cookies ayuda a comprender mejor las funciones que permiten: Cookies de sesi\u00f3n: son cookies temporales [&hellip;]<\/p>\n","protected":false},"author":1,"featured_media":0,"parent":0,"menu_order":0,"comment_status":"closed","ping_status":"closed","template":"","meta":{"footnotes":""},"class_list":["post-317","page","type-page","status-publish","hentry"],"_links":{"self":[{"href":"https:\/\/windbotix.com\/es\/wp-json\/wp\/v2\/pages\/317","targetHints":{"allow":["GET"]}}],"collection":[{"href":"https:\/\/windbotix.com\/es\/wp-json\/wp\/v2\/pages"}],"about":[{"href":"https:\/\/windbotix.com\/es\/wp-json\/wp\/v2\/types\/page"}],"author":[{"embeddable":true,"href":"https:\/\/windbotix.com\/es\/wp-json\/wp\/v2\/users\/1"}],"replies":[{"embeddable":true,"href":"https:\/\/windbotix.com\/es\/wp-json\/wp\/v2\/comments?post=317"}],"version-history":[{"count":5,"href":"https:\/\/windbotix.com\/es\/wp-json\/wp\/v2\/pages\/317\/revisions"}],"predecessor-version":[{"id":5849,"href":"https:\/\/windbotix.com\/es\/wp-json\/wp\/v2\/pages\/317\/revisions\/5849"}],"wp:attachment":[{"href":"https:\/\/windbotix.com\/es\/wp-json\/wp\/v2\/media?parent=317"}],"curies":[{"name":"wp","href":"https:\/\/api.w.org\/{rel}","templated":true}]}}