{"id":315,"date":"2023-05-17T23:14:39","date_gmt":"2023-05-17T23:14:39","guid":{"rendered":"https:\/\/windbotix.com\/?page_id=315"},"modified":"2025-11-19T11:55:34","modified_gmt":"2025-11-19T11:55:34","slug":"politica-de-privacidad-2","status":"publish","type":"page","link":"https:\/\/windbotix.com\/es\/politica-de-privacidad-2\/","title":{"rendered":"Pol\u00edtica de Privacidad"},"content":{"rendered":"\n<p>Mediante la presente Pol\u00edtica de Privacidad, se informa al usuario de forma clara, precisa y concisa. Si el usuario la acepta, dar\u00e1 su consentimiento de forma libre, informada, espec\u00edfica e inequ\u00edvoca para que ANSI trate sus datos personales, de conformidad con el Reglamento General de Protecci\u00f3n de Datos de la Uni\u00f3n Europea (en adelante, \u00abRGPD\u00bb).<\/p>\n\n\n\n<p><strong>1.- \u00bfQUI\u00c9N ES EL RESPONSABLE DEL TRATAMIENTO DE LOS DATOS DEL USUARIO?<\/strong><\/p>\n\n\n\n<ul class=\"wp-block-list\">\n<li>Titular: An\u00e1lisis y Soluciones de Ingenier\u00eda, S.L. (en adelante, \u00abANSI\u00bb)<\/li>\n\n\n\n<li>N\u00daMERO DE IDENTIFICACI\u00d3N FISCAL: B-36525772<\/li>\n\n\n\n<li>Direcci\u00f3n: R\u00faa Alfredo Garc\u00eda Alen 4, bajo. 36002 Pontevedra<\/li>\n\n\n\n<li>Direcci\u00f3n de correo electr\u00f3nico: info@ansisl.com<\/li>\n\n\n\n<li>Registro Mercantil: ANSI est\u00e1 inscrita en el Registro Mercantil de Pontevedra: Libro 3208 &#8211; Folio 150 &#8211; Hoja PO &#8211; 40336<\/li>\n<\/ul>\n\n\n\n<p><strong>2.- \u00bfQU\u00c9 INFORMACI\u00d3N RECOPILAMOS Y TRATAMOS DEL USUARIO?<\/strong><\/p>\n\n\n\n<p>ANSI tratar\u00e1 los siguientes datos personales del usuario:<\/p>\n\n\n\n<p>         -Datos identificativos: nombre y apellidos, n\u00famero de documento de identidad.<\/p>\n\n\n\n<p>         -Datos de contacto: n\u00famero de tel\u00e9fono, correo electr\u00f3nico y direcci\u00f3n postal.<\/p>\n\n\n\n<p>         -Otros datos: versi\u00f3n e idioma del navegador, versi\u00f3n del sistema operativo, direcci\u00f3n IP, interfaz de usuario.<\/p>\n\n\n\n<p>En caso de que el usuario nos facilite datos de terceros, el usuario asume la responsabilidad de haberles informado previamente y de contar con su consentimiento para hacerlo, de conformidad con el art\u00edculo 14 del RGPD.<\/p>\n\n\n\n<p><strong>3.- \u00bfCON QU\u00c9 FINALIDAD TRATAMOS LOS DATOS PERSONALES DEL USUARIO?<\/strong><\/p>\n\n\n\n<p>ANSI trata los datos personales para las finalidades que se indican a continuaci\u00f3n, en funci\u00f3n de la causa por la que hayan sido facilitados:<\/p>\n\n\n\n<p>         -Para llevar a cabo la prestaci\u00f3n de los servicios contratados, el mantenimiento de la relaci\u00f3n contractual y el seguimiento de la misma.<\/p>\n\n\n\n<p>         -Contactar, tramitar, gestionar y dar respuesta a la solicitud, petici\u00f3n, incidencia o consulta del usuario (ya sea por correo electr\u00f3nico, formulario de contacto o tel\u00e9fono).<\/p>\n\n\n\n<p>         -Gestionar, en su caso, la participaci\u00f3n del usuario en el \u00e1rea privada del cliente.<\/p>\n\n\n\n<p>         -Valorar y gestionar, en su caso, el curr\u00edculum vitae facilitado por el usuario para procesos de selecci\u00f3n que se ajusten a su perfil profesional y llevar a cabo las acciones necesarias para la selecci\u00f3n y contrataci\u00f3n de personal.<\/p>\n\n\n\n<p><strong>4.- \u00bfCU\u00c1L ES LA LEGITIMIDAD DEL TRATAMIENTO DE LOS DATOS DEL USUARIO?<\/strong><\/p>\n\n\n\n<ul class=\"wp-block-list\">\n<li>La base legal para el tratamiento de sus datos personales para los fines a), b) y c) es la prestaci\u00f3n del servicio correspondiente, y es una obligaci\u00f3n imperativa hacerlo.<\/li>\n\n\n\n<li>La base legal para el tratamiento de datos personales para el fin d) es el consentimiento expreso otorgado por el usuario.<\/li>\n<\/ul>\n\n\n\n<p><strong>5.- \u00bfDURANTE CU\u00c1NTO TIEMPO TRATAR\u00c1 ANSI LOS DATOS PERSONALES DEL USUARIO?<\/strong><\/p>\n\n\n\n<ul class=\"wp-block-list\">\n<li>Los datos para la gesti\u00f3n de la relaci\u00f3n con el cliente y la facturaci\u00f3n y cobro de los servicios se conservar\u00e1n mientras el contrato est\u00e9 vigente. Una vez finalizada esta relaci\u00f3n, si procede, los datos podr\u00e1n conservarse durante el tiempo exigido por la legislaci\u00f3n aplicable y hasta que prescriban las responsabilidades derivadas del contrato.<\/li>\n\n\n\n<li>Los datos para la gesti\u00f3n de consultas y solicitudes se conservar\u00e1n durante el tiempo necesario para darles respuesta, con un plazo m\u00e1ximo de un a\u00f1o.<\/li>\n\n\n\n<li>Los datos de los curr\u00edculos para los procesos de selecci\u00f3n se conservar\u00e1n durante dos a\u00f1os.<\/li>\n<\/ul>\n\n\n\n<p><strong>6.- \u00bfA QU\u00c9 DESTINATARIOS SE COMUNICAR\u00c1N LOS DATOS PERSONALES DEL USUARIO?<\/strong><\/p>\n\n\n\n<ul class=\"wp-block-list\">\n<li>Los datos personales del usuario podr\u00e1n ser comunicados a las entidades financieras a trav\u00e9s de las cuales se articula la gesti\u00f3n del cobro y del pago.<\/li>\n\n\n\n<li>Tambi\u00e9n podr\u00e1n ser comunicados a las Administraciones P\u00fablicas competentes en los casos previstos por la ley.<\/li>\n<\/ul>\n\n\n\n<p><strong>7.- \u00bfCU\u00c1LES SON LOS DERECHOS DEL USUARIO?<\/strong><\/p>\n\n\n\n<p>Cualquier usuario que facilite datos personales a ANSI podr\u00e1 ejercer los siguientes derechos:<\/p>\n\n\n\n<ul class=\"wp-block-list\">\n<li>Acceso, rectificaci\u00f3n, oposici\u00f3n, supresi\u00f3n, portabilidad y limitaci\u00f3n del tratamiento, as\u00ed como rechazo del tratamiento automatizado de los datos personales recopilados por ANSI.<\/li>\n\n\n\n<li>A su vez, cualquier usuario tendr\u00e1 derecho a retirar el consentimiento que haya otorgado en cualquier momento.<\/li>\n<\/ul>\n\n\n\n<p>El usuario puede ejercer estos derechos de forma gratuita, remiti\u00e9ndose a la solicitud especificada en la aplicaci\u00f3n a trav\u00e9s de los datos de contacto que figuran en la secci\u00f3n 3.1 (direcci\u00f3n o correo electr\u00f3nico).<\/p>\n\n\n\n<p>ANSI recuerda al usuario que tiene derecho a presentar una reclamaci\u00f3n ante la autoridad de control competente si considera que se han vulnerado sus derechos.<\/p>\n\n\n\n<p><strong>8.- \u00bfQU\u00c9 MEDIDAS DE SEGURIDAD HEMOS IMPLEMENTADO?<\/strong><\/p>\n\n\n\n<p>ANSI se compromete a cumplir con la obligaci\u00f3n de secreto de los datos de car\u00e1cter personal y con su deber de protegerlos, tratando los datos personales del usuario en todo momento con la m\u00e1s estricta confidencialidad, adoptando para ello las medidas t\u00e9cnicas y organizativas necesarias para garantizar la seguridad de sus datos y evitar su alteraci\u00f3n, p\u00e9rdida, acceso no autorizado o tratamiento, habida cuenta del estado de la tecnolog\u00eda, la naturaleza de los datos almacenados y los riesgos a los que est\u00e1n expuestos.<\/p>\n\n\n\n<p><strong>9.- \u00bfCU\u00c1NDO MODIFICAMOS LA POL\u00cdTICA DE PRIVACIDAD?<\/strong><\/p>\n\n\n\n<p>ANSI podr\u00e1 modificar su Pol\u00edtica de Privacidad de acuerdo con la legislaci\u00f3n aplicable en cada momento. En cualquier caso, cualquier modificaci\u00f3n de la Pol\u00edtica de Privacidad ser\u00e1 debidamente notificada al usuario para que este conozca los cambios realizados en el tratamiento de sus datos personales y, en caso de que la normativa aplicable as\u00ed lo requiera, el usuario podr\u00e1 dar su consentimiento.<\/p>\n\n\n\n<p><\/p>\n","protected":false},"excerpt":{"rendered":"<p>Mediante la presente Pol\u00edtica de Privacidad, se informa al usuario de forma clara, precisa y concisa. Si el usuario la acepta, dar\u00e1 su consentimiento de forma libre, informada, espec\u00edfica e inequ\u00edvoca para que ANSI trate sus datos personales, de conformidad con el Reglamento General de Protecci\u00f3n de Datos de la Uni\u00f3n Europea (en adelante, \u00abRGPD\u00bb). [&hellip;]<\/p>\n","protected":false},"author":1,"featured_media":0,"parent":0,"menu_order":0,"comment_status":"closed","ping_status":"closed","template":"","meta":{"footnotes":""},"class_list":["post-315","page","type-page","status-publish","hentry"],"_links":{"self":[{"href":"https:\/\/windbotix.com\/es\/wp-json\/wp\/v2\/pages\/315","targetHints":{"allow":["GET"]}}],"collection":[{"href":"https:\/\/windbotix.com\/es\/wp-json\/wp\/v2\/pages"}],"about":[{"href":"https:\/\/windbotix.com\/es\/wp-json\/wp\/v2\/types\/page"}],"author":[{"embeddable":true,"href":"https:\/\/windbotix.com\/es\/wp-json\/wp\/v2\/users\/1"}],"replies":[{"embeddable":true,"href":"https:\/\/windbotix.com\/es\/wp-json\/wp\/v2\/comments?post=315"}],"version-history":[{"count":4,"href":"https:\/\/windbotix.com\/es\/wp-json\/wp\/v2\/pages\/315\/revisions"}],"predecessor-version":[{"id":5856,"href":"https:\/\/windbotix.com\/es\/wp-json\/wp\/v2\/pages\/315\/revisions\/5856"}],"wp:attachment":[{"href":"https:\/\/windbotix.com\/es\/wp-json\/wp\/v2\/media?parent=315"}],"curies":[{"name":"wp","href":"https:\/\/api.w.org\/{rel}","templated":true}]}}