{"id":313,"date":"2023-05-17T23:13:55","date_gmt":"2023-05-17T23:13:55","guid":{"rendered":"https:\/\/windbotix.com\/?page_id=313"},"modified":"2025-11-19T11:45:55","modified_gmt":"2025-11-19T11:45:55","slug":"aviso-legal","status":"publish","type":"page","link":"https:\/\/windbotix.com\/es\/aviso-legal\/","title":{"rendered":"Aviso Legal"},"content":{"rendered":"\n<p><strong>DATOS DE IDENTIFICACI\u00d3N<\/strong><\/p>\n\n\n\n<ul class=\"wp-block-list\">\n<li>Sitio web: www.ansisl.com<\/li>\n\n\n\n<li>Titular: An\u00e1lisis y Soluciones de Ingenier\u00eda, S.L. (en adelante, \u00abANSI\u00bb)<\/li>\n\n\n\n<li>N\u00daMERO DE IDENTIFICACI\u00d3N FISCAL: B-36525772<\/li>\n\n\n\n<li>Direcci\u00f3n: R\u00faa Alfredo Garc\u00eda Alen 4, bajo. 36002 Pontevedra<\/li>\n\n\n\n<li>Direcci\u00f3n de correo electr\u00f3nico: info@ansisl.com<\/li>\n\n\n\n<li>Registro Mercantil: ANSI est\u00e1 inscrita en el Registro Mercantil de Pontevedra: Libro 3208 &#8211; Folio 150 &#8211; Hoja PO &#8211; 40336<\/li>\n<\/ul>\n\n\n\n<p><br><strong>CONTENIDO DEL SITIO WEB<\/strong><\/p>\n\n\n\n<p><strong>1.<\/strong> Tenga en cuenta que ANSI es el propietario de todos los derechos de propiedad intelectual e industrial del sitio web, as\u00ed como de los elementos que contiene (incluidos, entre otros, im\u00e1genes, sonido, audio, v\u00eddeo, software o texto; marcas comerciales o logotipos, combinaciones de colores, estructura y dise\u00f1o, selecci\u00f3n de materiales utilizados, programas inform\u00e1ticos necesarios para su funcionamiento, acceso y uso, etc.).<\/p>\n\n\n\n<p><strong>2. <\/strong>El sitio web de ANSI se compone de textos destinados a informar a los usuarios y clientes. Cualquier error u omisi\u00f3n en el contenido generado no implicar\u00e1 en modo alguno la responsabilidad de ANSI, y los art\u00edculos publicados en nuestro blog y bolet\u00edn informativo reconocer\u00e1n la autor\u00eda, pero nunca podr\u00e1n considerarse un sustituto del asesoramiento jur\u00eddico.<\/p>\n\n\n\n<p><strong>3.<\/strong> ANSI no se hace responsable de los contenidos a los que nuestros usuarios puedan acceder a trav\u00e9s de enlaces de terceros contenidos en nuestro sitio web. El uso de estos enlaces de terceros no implica la aprobaci\u00f3n por parte de ANSI del contenido de los sitios externos.<\/p>\n\n\n\n<p><strong>NORMATIVA Y JURISDICCI\u00d3N<\/strong><\/p>\n\n\n\n<p>Nuestros textos legales se rigen por la legislaci\u00f3n espa\u00f1ola. Estos textos permanecer\u00e1n accesibles para los usuarios en todo momento desde nuestro sitio web. Si las partes no acuerdan someterse a mediaci\u00f3n o arbitraje previamente, en este aviso legal, las partes acuerdan someterse a los Juzgados y Tribunales de Pontevedra, ya que es el lugar donde se ha celebrado el contrato, con renuncia expresa a cualquier otro fuero.<\/p>\n","protected":false},"excerpt":{"rendered":"<p>DATOS DE IDENTIFICACI\u00d3N CONTENIDO DEL SITIO WEB 1. Tenga en cuenta que ANSI es el propietario de todos los derechos de propiedad intelectual e industrial del sitio web, as\u00ed como de los elementos que contiene (incluidos, entre otros, im\u00e1genes, sonido, audio, v\u00eddeo, software o texto; marcas comerciales o logotipos, combinaciones de colores, estructura y dise\u00f1o, [&hellip;]<\/p>\n","protected":false},"author":1,"featured_media":0,"parent":0,"menu_order":0,"comment_status":"closed","ping_status":"closed","template":"","meta":{"footnotes":""},"class_list":["post-313","page","type-page","status-publish","hentry"],"_links":{"self":[{"href":"https:\/\/windbotix.com\/es\/wp-json\/wp\/v2\/pages\/313","targetHints":{"allow":["GET"]}}],"collection":[{"href":"https:\/\/windbotix.com\/es\/wp-json\/wp\/v2\/pages"}],"about":[{"href":"https:\/\/windbotix.com\/es\/wp-json\/wp\/v2\/types\/page"}],"author":[{"embeddable":true,"href":"https:\/\/windbotix.com\/es\/wp-json\/wp\/v2\/users\/1"}],"replies":[{"embeddable":true,"href":"https:\/\/windbotix.com\/es\/wp-json\/wp\/v2\/comments?post=313"}],"version-history":[{"count":4,"href":"https:\/\/windbotix.com\/es\/wp-json\/wp\/v2\/pages\/313\/revisions"}],"predecessor-version":[{"id":5853,"href":"https:\/\/windbotix.com\/es\/wp-json\/wp\/v2\/pages\/313\/revisions\/5853"}],"wp:attachment":[{"href":"https:\/\/windbotix.com\/es\/wp-json\/wp\/v2\/media?parent=313"}],"curies":[{"name":"wp","href":"https:\/\/api.w.org\/{rel}","templated":true}]}}