{"id":1507,"date":"2023-08-08T08:34:57","date_gmt":"2023-08-08T08:34:57","guid":{"rendered":"https:\/\/windbotix.com\/?page_id=1507"},"modified":"2024-05-28T09:40:09","modified_gmt":"2024-05-28T09:40:09","slug":"accesibilidad","status":"publish","type":"page","link":"https:\/\/windbotix.com\/es\/accesibilidad\/","title":{"rendered":"Accesibilidad"},"content":{"rendered":"\n<p>El&nbsp;<strong>sitio web Windbotix<\/strong>&nbsp;se ha comprometido a hacer accesibles sus sitios web, de conformidad con el&nbsp;<strong><a href=\"https:\/\/www.boe.es\/buscar\/act.php?id=BOE-A-2018-12699\" target=\"_blank\" rel=\"noreferrer noopener\">Real Decreto 1112\/2018<\/a><\/strong>, de 7 de septiembre, sobre accesibilidad de los sitios web y aplicaciones para dispositivos m\u00f3viles del sector p\u00fablico, por la que se traspone al ordenamiento jur\u00eddico espa\u00f1ol la&nbsp;<a href=\"http:\/\/eur-lex.europa.eu\/legal-content\/ES\/TXT\/?uri=uriserv:OJ.L_.2016.327.01.0001.01.SPA&amp;toc=OJ:L:2016:327:FULL\" target=\"_blank\" rel=\"noreferrer noopener\">Directiva (UE) 2016\/2102 del Parlamento Europeo y del Consejo<\/a>.<\/p>\n\n\n\n<p>La presente declaraci\u00f3n de accesibilidad se aplica al portal institucional&nbsp;https:\/\/windbotix.com\/ <\/p>\n\n\n\n<h2 class=\"wp-block-heading\">Situaci\u00f3n de cumplimiento<\/h2>\n\n\n\n<p>Este sitio web es&nbsp;<strong>parcialmente conforme<\/strong>&nbsp;con el&nbsp;<a href=\"https:\/\/www.boe.es\/diario_boe\/txt.php?id=BOE-A-2018-12699\" target=\"_blank\" rel=\"noreferrer noopener\"><strong>RD 1112\/2018<\/strong><\/a>&nbsp;debido a las excepciones y a la falta de conformidad de los aspectos que se indican a continuaci\u00f3n.<\/p>\n\n\n\n<h2 class=\"wp-block-heading\">Contenido no accesible<\/h2>\n\n\n\n<p>El contenido que se recoge a continuaci\u00f3n no es accesible por los siguientes motivos:<\/p>\n\n\n\n<p>\u2022&nbsp;Falta de conformidad:<\/p>\n\n\n\n<p>\u2022&nbsp;Pueden existir algunas im\u00e1genes cuya alternativa no est\u00e9 implementada o no sea correcta \u2013 \u2013 Requisito 9.1.1.1 Contenido no textual UNE-EN 301549:2022<\/p>\n\n\n\n<p>\u2022&nbsp;Puede haber elementos cuyo contraste no sea el suficiente en algunas p\u00e1ginas \u2013 Requisito 9.1.4.3 Contraste UNE-EN 301549:2020<\/p>\n\n\n\n<p>\u2022&nbsp;Puntualmente puede ocurrir que no se proporciona una forma de pausar el movimiento o el desplazamiento del contenido &#8211; Requisito n\u00famero 9.2.2.1 Tiempo ajustable de UNE-EN 301549:2019<\/p>\n\n\n\n<p>\u2022&nbsp;Pueden existir algunos enlaces cuya funci\u00f3n u objetivo no est\u00e9n correctamente definidos \u2013 Requisito n\u00famero 9.2.4.4 Prop\u00f3sito de los enlaces de UNE-EN 301549:2020<\/p>\n\n\n\n<p>\u2022&nbsp;Pueden existir algunos errores de parseo en el c\u00f3digo \u2013 Requisito n\u00famero 9.4.1.1 Procesamiento de UNE-EN 301549:2022<\/p>\n\n\n\n<p>\u2022&nbsp;Podr\u00edan existir fallos puntuales de edici\u00f3n en alguna p\u00e1gina web.<\/p>\n\n\n\n<p>\u2022&nbsp;Carga desproporcionada: No resulta aplicable.<\/p>\n\n\n\n<p>\u2022&nbsp;El contenido no entra dentro del \u00e1mbito de la legislaci\u00f3n aplicable.<\/p>\n\n\n\n<p>Podr\u00edan existir archivos ofim\u00e1ticos en PDF u otros formatos publicados antes del 20 de septiembre de 2018 que no cumplan en su totalidad todos los requisitos de accesibilidad.<br><br>Puede haber contenidos de terceros que no est\u00e9n desarrollados en esta Unidad, ni bajo su control, como archivos ofim\u00e1ticos de diferentes organismos que deban publicarse en este sitio.<\/p>\n\n\n\n<h2 class=\"wp-block-heading\">Preparaci\u00f3n de la presente declaraci\u00f3n de accesibilidad<\/h2>\n\n\n\n<p>La presente declaraci\u00f3n fue preparada el 5 de Junio de 2023 y est\u00e1 basada en los Informes de Accesibilidad Web del&nbsp;<a href=\"https:\/\/administracionelectronica.gob.es\/pae_Home\/pae_Estrategias\/pae_Accesibilidad.html\" target=\"_blank\" rel=\"noreferrer noopener\"><strong>Observatorio de Accesibilidad<\/strong><\/a>.<\/p>\n\n\n\n<p>La fecha de la \u00faltima revisi\u00f3n ha sido el 28 de Mayo de 2024.<\/p>\n\n\n\n<h2 class=\"wp-block-heading\">Observaciones y datos de contacto<\/h2>\n\n\n\n<p>Puede realizar&nbsp;<strong>comunicaciones<\/strong>&nbsp;sobre requisitos de accesibilidad (art\u00edculo 10.2 del RD 1112\/2018) como por ejemplo:<\/p>\n\n\n\n<ul class=\"wp-block-list\">\n<li>informar sobre cualquier posible incumplimiento por parte de este sitio web<\/li>\n\n\n\n<li>transmitir otras&nbsp;<strong>dificultades de acceso<\/strong>&nbsp;al contenido<\/li>\n\n\n\n<li>formular cualquier otra&nbsp;<strong>consulta o sugerencia de mejora<\/strong>&nbsp;relativa a la accesibilidad del sitio web<\/li>\n<\/ul>\n\n\n\n<p>a trav\u00e9s del&nbsp;<a href=\"mailto:info@windbotix.com\" data-type=\"mailto\" data-id=\"mailto:info@windbotix.com\">email de contacto<\/a>&nbsp;de este sitio web.<\/p>\n\n\n\n<p>Las comunicaciones ser\u00e1n recibidas y tratadas por el&nbsp;<em>Servicio de Tecnolog\u00edas de la Informaci\u00f3n<\/em>&nbsp;de Windbotix.<\/p>\n\n\n\n<h2 class=\"wp-block-heading\">Procedimiento de aplicaci\u00f3n<\/h2>\n\n\n\n<p>Se pondr\u00e1 en marcha un procedimiento de aplicaci\u00f3n adecuado y eficaz al que debe recurrirse en caso de que la respuesta a la comunicaci\u00f3n o a la solicitud sea insatisfactoria. <\/p>\n\n\n\n<h2 class=\"wp-block-heading\">Contenido opcional<\/h2>\n\n\n\n<p>Este sitio web:<\/p>\n\n\n\n<ul class=\"wp-block-list\">\n<li>Se ha dise\u00f1ado adapt\u00e1ndose a los est\u00e1ndares y normativas vigentes en relaci\u00f3n a la accesibilidad, cumpliendo con los puntos de verificaci\u00f3n de prioridad 2 (AA) definidos en la especificaci\u00f3n de Pautas de Accesibilidad al Contenido en la Web (WCAG 2.1).<\/li>\n\n\n\n<li>Cumple con los requisitos de la Norma&nbsp;<a href=\"https:\/\/administracionelectronica.gob.es\/pae_Home\/dam\/jcr:2352eaaf-2ee8-4501-a67b-bb682c6de934\/Norma_UNE-EN_301549.pdf\" target=\"_blank\" rel=\"noreferrer noopener\">UNE-EN 301549 v1.1.2:2015<\/a>, considerando las excepciones del Real Decreto 1112\/2018.<\/li>\n\n\n\n<li>Est\u00e1 dise\u00f1ado para su correcta visualizaci\u00f3n en dispositivos de escritorio, tablet y m\u00f3viles para una resoluci\u00f3n m\u00ednima de&nbsp;<strong>1366\u00d71024<\/strong>.<\/li>\n\n\n\n<li>Se ha realizado utilizando HTML5 como lenguaje de marcado y hojas de estilo CSS 3 para su dise\u00f1o.<\/li>\n\n\n\n<li>Est\u00e1 dise\u00f1ado para su uso con javascript no intrusivo ofreciendo, en el caso de que su navegador no lo soporte, su correspondiente alternativa no javascript.<\/li>\n<\/ul>\n","protected":false},"excerpt":{"rendered":"<p>El&nbsp;sitio web Windbotix&nbsp;se ha comprometido a hacer accesibles sus sitios web, de conformidad con el&nbsp;Real Decreto 1112\/2018, de 7 de septiembre, sobre accesibilidad de los sitios web y aplicaciones para dispositivos m\u00f3viles del sector p\u00fablico, por la que se traspone al ordenamiento jur\u00eddico espa\u00f1ol la&nbsp;Directiva (UE) 2016\/2102 del Parlamento Europeo y del Consejo. La presente [&hellip;]<\/p>\n","protected":false},"author":1,"featured_media":0,"parent":0,"menu_order":0,"comment_status":"closed","ping_status":"closed","template":"","meta":{"footnotes":""},"class_list":["post-1507","page","type-page","status-publish","hentry"],"_links":{"self":[{"href":"https:\/\/windbotix.com\/es\/wp-json\/wp\/v2\/pages\/1507","targetHints":{"allow":["GET"]}}],"collection":[{"href":"https:\/\/windbotix.com\/es\/wp-json\/wp\/v2\/pages"}],"about":[{"href":"https:\/\/windbotix.com\/es\/wp-json\/wp\/v2\/types\/page"}],"author":[{"embeddable":true,"href":"https:\/\/windbotix.com\/es\/wp-json\/wp\/v2\/users\/1"}],"replies":[{"embeddable":true,"href":"https:\/\/windbotix.com\/es\/wp-json\/wp\/v2\/comments?post=1507"}],"version-history":[{"count":3,"href":"https:\/\/windbotix.com\/es\/wp-json\/wp\/v2\/pages\/1507\/revisions"}],"predecessor-version":[{"id":1840,"href":"https:\/\/windbotix.com\/es\/wp-json\/wp\/v2\/pages\/1507\/revisions\/1840"}],"wp:attachment":[{"href":"https:\/\/windbotix.com\/es\/wp-json\/wp\/v2\/media?parent=1507"}],"curies":[{"name":"wp","href":"https:\/\/api.w.org\/{rel}","templated":true}]}}